{"id":334,"date":"2020-09-22T21:05:27","date_gmt":"2020-09-22T19:05:27","guid":{"rendered":"https:\/\/vd1975.daring-avocats.com\/?page_id=334"},"modified":"2022-01-07T12:24:33","modified_gmt":"2022-01-07T11:24:33","slug":"mentions-legales","status":"publish","type":"page","link":"https:\/\/daringlaw.com\/en\/mentions-legales\/","title":{"rendered":"Mentions L\u00e9gales"},"content":{"rendered":"<div data-elementor-type=\"wp-page\" data-elementor-id=\"334\" class=\"elementor elementor-334\">\n\t\t\t\t\t\t<section class=\"elementor-section elementor-top-section elementor-element elementor-element-113d2ad3 elementor-section-stretched elementor-section-boxed elementor-section-height-default elementor-section-height-default\" data-id=\"113d2ad3\" data-element_type=\"section\" data-e-type=\"section\" data-settings=\"{&quot;stretch_section&quot;:&quot;section-stretched&quot;}\">\n\t\t\t\t\t\t<div class=\"elementor-container elementor-column-gap-default\">\n\t\t\t\t\t<div class=\"elementor-column elementor-col-100 elementor-top-column elementor-element elementor-element-50d31806\" data-id=\"50d31806\" data-element_type=\"column\" data-e-type=\"column\">\n\t\t\t<div class=\"elementor-widget-wrap elementor-element-populated\">\n\t\t\t\t\t\t<div class=\"elementor-element elementor-element-7f7c58e elementor-widget elementor-widget-heading\" data-id=\"7f7c58e\" data-element_type=\"widget\" data-e-type=\"widget\" data-widget_type=\"heading.default\">\n\t\t\t\t<div class=\"elementor-widget-container\">\n\t\t\t\t\t<h1 class=\"elementor-heading-title elementor-size-default\">Disclaimer<\/h1>\t\t\t\t<\/div>\n\t\t\t\t<\/div>\n\t\t\t\t\t<\/div>\n\t\t<\/div>\n\t\t\t\t\t<\/div>\n\t\t<\/section>\n\t\t\t\t<section class=\"elementor-section elementor-top-section elementor-element elementor-element-a6462c3 elementor-section-boxed elementor-section-height-default elementor-section-height-default\" data-id=\"a6462c3\" data-element_type=\"section\" data-e-type=\"section\">\n\t\t\t\t\t\t<div class=\"elementor-container elementor-column-gap-default\">\n\t\t\t\t\t<div class=\"elementor-column elementor-col-100 elementor-top-column elementor-element elementor-element-a8aeecc\" data-id=\"a8aeecc\" data-element_type=\"column\" data-e-type=\"column\">\n\t\t\t<div class=\"elementor-widget-wrap elementor-element-populated\">\n\t\t\t\t\t\t<div class=\"elementor-element elementor-element-5d0bc87 elementor-widget elementor-widget-text-editor\" data-id=\"5d0bc87\" data-element_type=\"widget\" data-e-type=\"widget\" data-widget_type=\"text-editor.default\">\n\t\t\t\t<div class=\"elementor-widget-container\">\n\t\t\t\t\t\t\t\t\t<p style=\"text-align: justify;\" class=\"translation-block\">The site <a href=\"https:\/\/daringlaw.com\/en\/\" target=\"_blank\" rel=\"noopener\">www.daringlaw.com<\/a> is published by SELARL DaringLaw, whose registered office is located at 64 rue de Miromesnil, 75008 Paris<\/p><p style=\"text-align: justify;\">Telephone: +33 1 40 70 95 87 - VAT number FR24887789303.<\/p><p style=\"text-align: justify;\">The director of the publication is Ms Amandine Tesson, co-manager of SELARL DaringLaw.<\/p><p style=\"text-align: justify;\" class=\"translation-block\"><b>Creation, webdesign and development<\/b><br>VD1975 | <a href=\"https:\/\/vd1975.com\" target=\"_blank\" rel=\"noopener\">vd1975.com<\/a><br>Contact: <a href=\"mailto:info@vd1975.com\" target=\"_self\">info@vd1975.com<\/a><\/p><p style=\"text-align: justify;\" class=\"translation-block\">&lt;Hosting<\/b><br>OVH, SAS with a capital of \u20ac500,000<br>Registry of Trade and Companies of Roubaix - Tourcoing 424 761 419 00011<br>Code APE 721Z -VAT number: FR 22-424-761-419-00011<br>Headquarter: 140 Quai du Sartel - 59100 Roubaix - France.<br>Telephone: 08 203 203 63<\/p><p style=\"text-align: justify;\" class=\"translation-block\"><b>Responsibility<\/b><br>DaringLaw undertakes to make its best efforts to ensure that the site is accessible to users at all times. However, the firm cannot be held responsible in the event of the site being unavailable for any reason whatsoever.<\/p><p style=\"text-align: justify;\">The user of the site acknowledges having read this legal notice and undertakes to respect it.<\/p><p style=\"text-align: justify;\">The user acknowledges that he\/she has the necessary skills and means to access and use the site, and acknowledges that he\/she has checked that the computer configuration used does not contain any viruses and that it is in perfect working order.<\/p><p style=\"text-align: justify;\">DaringLaw cannot guarantee the accuracy and completeness of the information published on its site, nor can it guarantee that it will always function properly or that it is completely secure. The information contained in the site is provided for information purposes only, without any explicit or implicit guarantee of validity, completeness or timeliness for the sole purpose of providing general information to users. It is not intended to replace or substitute legal, tax or other professional advice or consultation.<\/p><p style=\"text-align: justify;\">DaringLaw makes every effort to provide users with available and verified information and tools, but cannot be held responsible for errors, lack of availability of information and\/or the presence of viruses or other logical infections on its site. The information provided by DaringLaw is for information purposes only. DaringLaw does not guarantee the accuracy, completeness or timeliness of the information provided on the site.<\/p><p style=\"text-align: justify;\">The user acknowledges that he\/she uses the information and tools available on the site under his\/her sole responsibility.<\/p><p style=\"text-align: justify;\" class=\"translation-block\"><strong>Personal data<\/strong><br>For any information or to exercise your rights regarding the processing of personal data by DaringLaw, you can contact our Data Protection Officer (DPO):<\/p><ul><li>by signed letter accompanied by a copy of an identity document to the following address Cabinet DaringLaw, for the attention of the Data Protection Officer (DPO), 64 rue de Miromesnil, 75008 Paris<\/li><li>or by email with a copy of your ID card to the following address: contact@daringlaw.com.<\/li><\/ul><p style=\"text-align: justify;\">Conform\u00e9ment \u00e0 la loi Informatique et libert\u00e9s du 6 janvier 1978 modifi\u00e9e et au r\u00e8glement g\u00e9n\u00e9ral sur la protection des donn\u00e9es, vous disposez d\u2019un droit d\u2019acc\u00e8s, d\u2019interrogation, d\u2019opposition, de limitation, de portabilit\u00e9, d\u2019effacement, de modification et de rectification des informations vous concernant. Vous disposez enfin du droit de d\u00e9finir des directives g\u00e9n\u00e9rales et particuli\u00e8res d\u00e9finissant la mani\u00e8re dont vous entendez que soient exerc\u00e9s, apr\u00e8s votre d\u00e9c\u00e8s, ces droits. Pour exercer vos droits, vous devez adresser un courrier au cabinet Daring, \u00e0 l\u2019attention du D\u00e9l\u00e9gu\u00e9 \u00e0 la protection des donn\u00e9es (DPO), accompagn\u00e9 de la photocopie d\u2019un titre d\u2019identit\u00e9 comportant votre signature, \u00e0 l\u2019adresse postale suivante : Cabinet Daring, \u00e0 l\u2019attention du D\u00e9l\u00e9gu\u00e9 \u00e0 la protection des donn\u00e9es (DPO), 64 rue de Miromesnil, 75008 Paris ou \u00e0 l\u2019adresse de courrier \u00e9lectronique <a href=\"mailto:contact@daringlaw.com\">contact@daringlaw.com<\/a>.<\/p><p style=\"text-align: justify;\" class=\"translation-block\"><strong>Intellectual property<\/strong><br>The <a href=\"https:\/\/daringlaw.com\/en\/\" target=\"_blank\" rel=\"noopener\">www.daringlaw.com<\/a> site taken as a whole, as well as each of the elements that make it up taken independently, in particular programs and specific developments and content including data, texts, still or animated images, logotypes, sounds, graphics, files, are the exclusive property of DaringLaw or third parties that have granted it a license. Any total or partial representation of the site or of one of its components without the express authorisation of DaringLaw is prohibited and would constitute an infringement sanctioned by articles L.335-2 and following of the Intellectual Property Code.<\/p><p style=\"text-align: justify;\">Les bases de donn\u00e9es figurant sur le site sont prot\u00e9g\u00e9es par les articles L.341-1 et suivants du Code de la propri\u00e9t\u00e9 intellectuelle. Est sanctionn\u00e9e toute extraction ou r\u00e9utilisation qualitativement ou quantitativement substantielle du contenu des bases de donn\u00e9es.<\/p><p style=\"text-align: justify;\">Trademarks and logos appearing on the site are registered trademarks of DaringLaw or third parties. Any reproduction, imitation or use, in whole or in part, of these distinctive signs without express authorisation and in violation of the prohibitions set out in articles L.713-2 et seq. of the French Intellectual Property Code will engage the responsibility of their author.<\/p><p style=\"text-align: justify;\">Other distinctive signs, in particular corporate names, commercial names, signs, domain names reproduced on the site are the property of DaringLaw or third parties and any reproduction without express authorisation is likely to constitute usurpation engaging the responsibility of its author on the basis of article 1382 of the Civil Code.<\/p><p style=\"text-align: justify;\" class=\"translation-block\"><strong>Links<\/strong><br>This site may contain links to other sites or other sources available on the Internet for informational purposes. However, DaringLaw has no control over these external sites and sources of information. These links are provided \"as is\" and are provided to users for convenience only. DaringLaw cannot be held responsible for the content of such websites.<\/p><p style=\"text-align: justify;\">The reproduction of a page from this site or the insertion of a page belonging to DaringLaw in the page of a site not belonging to DaringLaw is prohibited. DaringLaw reserves the right to remove links from its site to a third party site if the latter becomes contrary to the essential principles of the legal profession, in accordance with its internal regulations. Users of the site may not establish a link to this site without the prior written consent of DaringLaw.<\/p><p style=\"text-align: justify;\" class=\"translation-block\"><strong>Applicable Law<\/strong><br>This site is governed by the laws of France.<\/p><p style=\"text-align: justify;\" class=\"translation-block\"><strong>Modification<\/strong><br>DaringLaw reserves the right to modify the content of this legal notice at any time and without notice. The user is therefore advised to consult it regularly.<\/p><p style=\"text-align: justify;\" class=\"translation-block\"><strong>Consumer Mediator<\/strong><br>In accordance with the provisions of Articles L611-1 et seq. of the Consumer Code, if you are a consumer within the meaning of the said Code in your contractual relationship with your lawyer, you have the possibility, in the event of a dispute with a lawyer, to have free recourse to the Consumer Mediator, who will be the national mediator close to the National Bar Council (CNB) and whose contact details are as follows: CNB, M\u00e9diateur \u00e0 la consommation, 22 rue de Londres, 75009 Paris - <a href=\"https:\/\/mediateur-consommation-avocat.fr\/\" target=\"_blank\" rel=\"noopener\">https:\/\/mediateur-consommation-avocat.fr\/<\/a>.<\/p>\t\t\t\t\t\t\t\t<\/div>\n\t\t\t\t<\/div>\n\t\t\t\t\t<\/div>\n\t\t<\/div>\n\t\t\t\t\t<\/div>\n\t\t<\/section>\n\t\t\t\t<\/div>","protected":false},"excerpt":{"rendered":"<p>Mentions l\u00e9gales Le site www.daringlaw.com est \u00e9dit\u00e9 par la SELARL DaringLaw, dont le si\u00e8ge social est situ\u00e9 64 rue de Miromesnil, 75008 Paris T\u00e9l\u00e9phone : +33 1 40 70 95 87 &#8211; n\u00b0 de TVA intracommunautaire FR24887789303. La directrice de la publication est Madame Amandine Tesson, co-g\u00e9rante de la SELARL DaringLaw. Cr\u00e9ation, webdesign et d\u00e9veloppementVD1975 [&hellip;]<\/p>\n","protected":false},"author":1,"featured_media":0,"parent":0,"menu_order":0,"comment_status":"closed","ping_status":"closed","template":"","meta":{"ocean_post_layout":"","ocean_both_sidebars_style":"","ocean_both_sidebars_content_width":0,"ocean_both_sidebars_sidebars_width":0,"ocean_sidebar":"0","ocean_second_sidebar":"0","ocean_disable_margins":"enable","ocean_add_body_class":"","ocean_shortcode_before_top_bar":"","ocean_shortcode_after_top_bar":"","ocean_shortcode_before_header":"","ocean_shortcode_after_header":"","ocean_has_shortcode":"","ocean_shortcode_after_title":"","ocean_shortcode_before_footer_widgets":"","ocean_shortcode_after_footer_widgets":"","ocean_shortcode_before_footer_bottom":"","ocean_shortcode_after_footer_bottom":"","ocean_display_top_bar":"default","ocean_display_header":"default","ocean_header_style":"","ocean_center_header_left_menu":"0","ocean_custom_header_template":"0","ocean_custom_logo":0,"ocean_custom_retina_logo":0,"ocean_custom_logo_max_width":0,"ocean_custom_logo_tablet_max_width":0,"ocean_custom_logo_mobile_max_width":0,"ocean_custom_logo_max_height":0,"ocean_custom_logo_tablet_max_height":0,"ocean_custom_logo_mobile_max_height":0,"ocean_header_custom_menu":"0","ocean_menu_typo_font_family":"0","ocean_menu_typo_font_subset":"","ocean_menu_typo_font_size":0,"ocean_menu_typo_font_size_tablet":0,"ocean_menu_typo_font_size_mobile":0,"ocean_menu_typo_font_size_unit":"px","ocean_menu_typo_font_weight":"","ocean_menu_typo_font_weight_tablet":"","ocean_menu_typo_font_weight_mobile":"","ocean_menu_typo_transform":"","ocean_menu_typo_transform_tablet":"","ocean_menu_typo_transform_mobile":"","ocean_menu_typo_line_height":0,"ocean_menu_typo_line_height_tablet":0,"ocean_menu_typo_line_height_mobile":0,"ocean_menu_typo_line_height_unit":"","ocean_menu_typo_spacing":0,"ocean_menu_typo_spacing_tablet":0,"ocean_menu_typo_spacing_mobile":0,"ocean_menu_typo_spacing_unit":"","ocean_menu_link_color":"","ocean_menu_link_color_hover":"","ocean_menu_link_color_active":"","ocean_menu_link_background":"","ocean_menu_link_hover_background":"","ocean_menu_link_active_background":"","ocean_menu_social_links_bg":"","ocean_menu_social_hover_links_bg":"","ocean_menu_social_links_color":"","ocean_menu_social_hover_links_color":"","ocean_disable_title":"default","ocean_disable_heading":"default","ocean_post_title":"","ocean_post_subheading":"","ocean_post_title_style":"","ocean_post_title_background_color":"","ocean_post_title_background":0,"ocean_post_title_bg_image_position":"","ocean_post_title_bg_image_attachment":"","ocean_post_title_bg_image_repeat":"","ocean_post_title_bg_image_size":"","ocean_post_title_height":0,"ocean_post_title_bg_overlay":0.5,"ocean_post_title_bg_overlay_color":"","ocean_disable_breadcrumbs":"default","ocean_breadcrumbs_color":"","ocean_breadcrumbs_separator_color":"","ocean_breadcrumbs_links_color":"","ocean_breadcrumbs_links_hover_color":"","ocean_display_footer_widgets":"default","ocean_display_footer_bottom":"default","ocean_custom_footer_template":"0","footnotes":""},"class_list":["post-334","page","type-page","status-publish","hentry","entry"],"jetpack_sharing_enabled":true,"_links":{"self":[{"href":"https:\/\/daringlaw.com\/en\/wp-json\/wp\/v2\/pages\/334","targetHints":{"allow":["GET"]}}],"collection":[{"href":"https:\/\/daringlaw.com\/en\/wp-json\/wp\/v2\/pages"}],"about":[{"href":"https:\/\/daringlaw.com\/en\/wp-json\/wp\/v2\/types\/page"}],"author":[{"embeddable":true,"href":"https:\/\/daringlaw.com\/en\/wp-json\/wp\/v2\/users\/1"}],"replies":[{"embeddable":true,"href":"https:\/\/daringlaw.com\/en\/wp-json\/wp\/v2\/comments?post=334"}],"version-history":[{"count":46,"href":"https:\/\/daringlaw.com\/en\/wp-json\/wp\/v2\/pages\/334\/revisions"}],"predecessor-version":[{"id":2435,"href":"https:\/\/daringlaw.com\/en\/wp-json\/wp\/v2\/pages\/334\/revisions\/2435"}],"wp:attachment":[{"href":"https:\/\/daringlaw.com\/en\/wp-json\/wp\/v2\/media?parent=334"}],"curies":[{"name":"wp","href":"https:\/\/api.w.org\/{rel}","templated":true}]}}